{"id":5026,"date":"2022-04-12T10:40:45","date_gmt":"2022-04-12T10:40:45","guid":{"rendered":"https:\/\/www.vanvaz.com\/politica-privacidad-copy\/"},"modified":"2025-08-06T10:42:48","modified_gmt":"2025-08-06T10:42:48","slug":"rechtshinweis","status":"publish","type":"page","link":"https:\/\/www.vanvaz.com\/de\/aviso-legal\/","title":{"rendered":"Rechtlicher Hinweis"},"content":{"rendered":"<ol class=\"wp-block-list\">\n<li><strong><strong>IDENTIFIZIERUNG DES VERANTWORTLICHEN F\u00dcR DIE WEBSITE.<\/strong><\/strong><\/li>\n<\/ol>\n\n\n\n<p>Gem\u00e4\u00df Gesetz 15\/1999 vom 13. Dezember zum Schutz personenbezogener Daten und den Bestimmungen des Gesetzes 34\/2002 vom 11. Juli \u00fcber Dienste der Informationsgesellschaft und des elektronischen Gesch\u00e4ftsverkehrs weisen wir Sie darauf hin, dass die in dieser Nachricht m\u00f6glicherweise enthaltenen personenbezogenen Daten in einer Datei unter der Verantwortung der META MOBILITY SL mit Sitz in Calle Puipana 9, 1\u00baB, 35640 Las Palmas gespeichert werden. Zweck dieser Website ist es, exklusive Erlebnisse zum Kauf anzubieten.<\/p>\n\n\n\n<p>Sie k\u00f6nnen uns auch per E-Mail an hola@vanvaz.com kontaktieren.<\/p>\n\n\n\n<ol class=\"wp-block-list\">\n<li><strong>OBJEKT<\/strong><\/li>\n<\/ol>\n\n\n\n<p>Dieser Rechtshinweis regelt die Rechte und Pflichten von META MOBILITY SL und den Nutzern in Bezug auf den Zugriff, die Navigation und die Nutzung dieser Website. META MOBILITY SL beh\u00e4lt sich jedoch das Recht vor, den Inhalt ohne vorherige Ank\u00fcndigung zu \u00e4ndern. Es gelten die zum Zeitpunkt der Navigation ver\u00f6ffentlichten Inhalte.<\/p>\n\n\n\n<p>Durch das Aufrufen, Ansehen und Nutzen dieser Website erlangen Sie den Status eines Nutzers und erkl\u00e4ren sich damit ausdr\u00fccklich mit allen in diesem Rechtshinweis aufgef\u00fchrten Klauseln sowie den \u00fcbrigen Hinweisen und spezifischen Klauseln in den verschiedenen Bereichen f\u00fcr Vertragsabschluss, Nutzung von Diensten, Produkten, Registrierungen oder anderen Bereichen der Website einverstanden.<\/p>\n\n\n\n<p>Wenn Sie die in diesem Rechtshinweis festgelegten Klauseln nicht akzeptieren, m\u00fcssen Sie daher den Zugriff auf und\/oder die Nutzung der Ihnen auf der Seite zur Verf\u00fcgung gestellten Dienste und\/oder Inhalte unterlassen und die Seite aufgeben.<\/p>\n\n\n\n<p><strong>META MOBILITY SL kann den Zugriff auf die Inhalte der Seite jederzeit und ohne vorherige Ank\u00fcndigung beenden, aussetzen oder unterbrechen, ohne dass dem Nutzer eine Entsch\u00e4digung zusteht.<\/strong><\/p>\n\n\n\n<ol class=\"wp-block-list\">\n<li><strong><strong>ZUGANG ZUR WEBSITE<\/strong><\/strong><\/li>\n<\/ol>\n\n\n\n<p>Als Nutzer unserer Website erkl\u00e4ren Sie sich damit einverstanden, die Seite nicht f\u00fcr gesetzeswidrige, sittenwidrige oder ordnungswidrige Aktivit\u00e4ten zu nutzen und sie generell gem\u00e4\u00df den Bestimmungen dieses Rechtshinweises zu verwenden. Sie verpflichten sich au\u00dferdem, keine betr\u00fcgerischen oder falschen K\u00e4ufe zu t\u00e4tigen.<\/p>\n\n\n\n<p><strong>META MOBILITY SL agiert ausschlie\u00dflich als Verantwortlicher f\u00fcr die Seite in ihrer Eigenschaft als Anbieter von Produkten und ist nicht verantwortlich f\u00fcr die Nutzung der Seite durch die Nutzer entgegen diesen Bedingungen. Der Nutzer tr\u00e4gt allein die Verantwortung f\u00fcr die Richtigkeit und Rechtm\u00e4\u00dfigkeit der Inhalte.<\/strong><\/p>\n\n\n\n<p><strong>META MOBILITY SL kann den Dienst der vom Nutzer genutzten Seite unterbrechen und die Gesch\u00e4ftsbeziehung mit dem Nutzer unverz\u00fcglich beenden, wenn sie eine Nutzung der Seite oder eines der dort angebotenen Dienste feststellt, die ihrer Ansicht nach nicht den Bestimmungen dieses Rechtshinweises entspricht.<\/strong><\/p>\n\n\n\n<p>META MOBILITY SL \u00fcbernimmt in keinem Fall die Verantwortung f\u00fcr die Richtigkeit der von den Nutzern bereitgestellten Daten. Daher ist jeder Nutzer allein daf\u00fcr verantwortlich, dass die an META MOBILITY SL \u00fcbermittelten Informationen angemessen, genau, aktuell und pr\u00e4zise sind, andernfalls tr\u00e4gt er die Verantwortung f\u00fcr m\u00f6gliche Folgen, die sich aus der mangelnden Qualit\u00e4t und Richtigkeit der Daten ergeben.<\/p>\n\n\n\n<p><strong><strong>GEISTIGES UND GEWERBLICHES EIGENTUM<\/strong><\/strong><\/p>\n\n\n\n<p>1. S\u00e4mtliche Inhalte dieser Website (einschlie\u00dflich, aber nicht beschr\u00e4nkt auf Datenbanken, Bilder, Fotografien, Patente, Gebrauchs- und Industriemodelle, Zeichnungen, Grafiken, Textdateien, Audio-, Video- und Softwaredateien) sind Eigentum der META MOBILITY SL und durch spanische und internationale Bestimmungen zum Schutz des geistigen Eigentums gesch\u00fctzt. Die Zusammenstellung (im Sinne von Zusammenstellung, Gestaltung, Anordnung und Zusammenf\u00fcgung) aller Inhalte dieser Website ist ausschlie\u00dfliches Eigentum der META MOBILITY SL und durch die geltenden Bestimmungen zum Schutz des geistigen Eigentums gesch\u00fctzt.<\/p>\n\n\n\n<p>2. Die gesamte Software, die bei der Nutzung und Entwicklung der Website verwendet wird, ist Eigentum von META MOBILITY SL oder deren Softwareanbietern und ist durch gewerbliche Schutzrechte und Urheberrechtsgesetze gesch\u00fctzt.<\/p>\n\n\n\n<p>3. Die auf der Website verwendeten Marken, Labels, Kennzeichen oder Logos sind Eigentum der META MOBILITY SL und ordnungsgem\u00e4\u00df eingetragen oder zur Eintragung angemeldet. Die Namen anderer Produkte, Dienstleistungen und Unternehmen, die in diesem Dokument oder auf der Website erscheinen, k\u00f6nnen Marken oder andere eingetragene Kennzeichen ihrer jeweiligen rechtm\u00e4\u00dfigen Eigent\u00fcmer sein.<\/p>\n\n\n\n<p>4. S\u00e4mtliche Texte, Grafiken, Videos und Medien sind Eigentum von META MOBILITY SL oder deren Inhaltsanbietern und d\u00fcrfen ohne die ausdr\u00fcckliche Genehmigung der jeweiligen Eigent\u00fcmer weder vom Nutzer noch von Dritten ver\u00e4ndert, kopiert, bearbeitet, reproduziert, angepasst oder \u00fcbersetzt werden.<\/p>\n\n\n\n<p>5. Jede Nutzung der Inhalte der Website ohne Genehmigung von META MOBILITY SL, einschlie\u00dflich ihrer Verwertung, Vervielf\u00e4ltigung, Verbreitung, Umwandlung, Weitergabe, \u00dcbertragung auf jegliche Weise, anschlie\u00dfenden Ver\u00f6ffentlichung, Ausstellung, \u00f6ffentlichen Wiedergabe oder ganz oder teilweise, stellt, sofern sie erfolgt, eine Verletzung der geistigen Eigentumsrechte von META MOBILITY SL dar, die nach geltendem Recht geahndet wird.<\/p>\n\n\n\n<p>6. Die vom Anbieter nicht stammenden Designs, Logos, Texte und\/oder Grafiken, die auf der Website erscheinen, geh\u00f6ren ihren jeweiligen Eigent\u00fcmern, die f\u00fcr etwaige Streitigkeiten im Zusammenhang damit selbst verantwortlich sind. Der Anbieter verf\u00fcgt in jedem Fall \u00fcber deren ausdr\u00fcckliche und vorherige Genehmigung.<\/p>\n\n\n\n<p>7. Der Anbieter erkennt die entsprechenden gewerblichen und geistigen Eigentumsrechte der jeweiligen Inhaber an. Die blo\u00dfe Erw\u00e4hnung oder Darstellung der Inhalte auf der Website impliziert weder Rechte noch eine Verantwortung des Anbieters in Bezug auf diese Inhalte und stellt auch keine Billigung, F\u00f6rderung oder Empfehlung dar.<\/p>\n\n\n\n<p>3.&nbsp;<strong>LINKS<\/strong><\/p>\n\n\n\n<p>Wie bereits erw\u00e4hnt, kann unsere Seite neben Produktlinks auch Links zu Websites Dritter enthalten. Wir weisen nochmals darauf hin, dass die Seiten dieser Drittanbieter nicht von META MOBILITY SL gepr\u00fcft oder kontrolliert werden. Daher \u00fcbernimmt META MOBILITY SL keine Verantwortung f\u00fcr die Inhalte dieser Websites oder f\u00fcr die dort getroffenen Ma\u00dfnahmen zum Schutz Ihrer Privatsph\u00e4re oder zur Verarbeitung Ihrer personenbezogenen Daten.<\/p>\n\n\n\n<p><strong>META MOBILITY SL empfiehlt, die Nutzungsbedingungen, Datenschutzrichtlinien, rechtlichen Hinweise und\/oder \u00e4hnliche Dokumente dieser Websites sorgf\u00e4ltig zu lesen.<\/strong><\/p>\n\n\n\n<p>Wenn Sie einen Link zu einer der von META MOBILITY SL verwalteten Seiten aktivieren m\u00f6chten, m\u00fcssen Sie META MOBILITY SL benachrichtigen und deren ausdr\u00fcckliche Zustimmung zur Linkerstellung einholen. META MOBILITY SL beh\u00e4lt sich das Recht vor, der Aktivierung von Links zu ihrer Website zu widersprechen.<\/p>\n\n\n\n<p><strong><strong>4. HAFTUNGSBESCHR\u00c4NKUNG<\/strong><\/strong><\/p>\n\n\n\n<p>META MOBILITY SL bietet keinerlei Beratung oder Konsultation zu den Produktbewertungen auf dieser Seite an und \u00fcbernimmt weder die Empfehlung noch die Gew\u00e4hr f\u00fcr die Zuverl\u00e4ssigkeit, N\u00fctzlichkeit oder Richtigkeit der hier ver\u00f6ffentlichten Informationen und Inhalte. META MOBILITY SL ist auch nicht verantwortlich f\u00fcr den Nutzen, den diese Informationen f\u00fcr den Nutzer generieren k\u00f6nnen, da die Funktion von META MOBILITY SL ausschlie\u00dflich darin besteht, informative Inhalte bereitzustellen, um Nutzern Kan\u00e4le f\u00fcr Information, Meinungsbildung und Zusammenarbeit zu bieten.<\/p>\n\n\n\n<p><strong><strong>META MOBILITY SL \u00fcbernimmt ausdr\u00fccklich keine direkte oder indirekte Verantwortung f\u00fcr:<\/strong><\/strong><\/p>\n\n\n\n<ol class=\"wp-block-list\">\n<li>Die Qualit\u00e4t des Dienstes, die Zugriffsgeschwindigkeit, die korrekte Funktion oder die Verf\u00fcgbarkeit bzw. der kontinuierliche Betrieb der Seite.<\/li>\n\n\n\n<li>Der Schaden, der durch die Nutzung der Seite an der Ausr\u00fcstung des Benutzers entstehen kann.<\/li>\n\n\n\n<li>F\u00e4lle, in denen ein Dritter unter Umgehung der bestehenden Sicherheitsma\u00dfnahmen auf die Nachrichten zugreift oder diese zum Versenden von Computerviren nutzt.<\/li>\n\n\n\n<li>M\u00e4ngel und Fehler jeglicher Art von Inhalten, die \u00fcbermittelt, verbreitet, gespeichert oder zug\u00e4nglich gemacht werden.<\/li>\n<\/ol>\n\n\n\n<ol class=\"wp-block-list\">\n<li>META MOBILITY SL \u00fcbernimmt keine Gew\u00e4hr f\u00fcr die Rechtm\u00e4\u00dfigkeit, Zuverl\u00e4ssigkeit und N\u00fctzlichkeit der Inhalte, die Nutzer \u00fcber diese Seite oder die angebotenen Dienste \u00fcbermitteln, sowie f\u00fcr deren Richtigkeit und Genauigkeit. META MOBILITY SL kontrolliert weder die Nutzung der Seite durch die Nutzer, noch garantiert das Unternehmen, dass diese Nutzung den Bestimmungen dieses Rechtshinweises entspricht.<\/li>\n<\/ol>\n\n\n\n<p><strong><strong>Beispielsweise und ohne Einschr\u00e4nkung ist der Nutzer verantwortlich f\u00fcr:<\/strong><\/strong><\/p>\n\n\n\n<p>Von den Inhalten, die von dieser Seite eingef\u00fchrt werden, insbesondere von den Daten und Informationen, die \u00fcber die Seite oder auf der Seite an META MOBILITY SL \u00fcbermittelt werden.<\/p>\n\n\n\n<p>Aus der Durchf\u00fchrung jeglicher Art von Aktionen auf den Seiten Dritter oder auf dieser Seite.<\/p>\n\n\n\n<p>Die Nichteinhaltung einer der oben genannten Verpflichtungen durch den Nutzer kann zur Ergreifung der gesetzlich vorgesehenen Ma\u00dfnahmen durch META MOBILITY SL im Rahmen der Aus\u00fcbung ihrer Rechte und Pflichten f\u00fchren, was die L\u00f6schung oder Sperrung des Kontos des betreffenden Nutzers ohne Anspruch auf Schadensersatz zur Folge haben kann.<\/p>\n\n\n\n<p>META MOBILITY SL \u00fcbernimmt keine Gew\u00e4hr f\u00fcr die Richtigkeit oder Fehlerfreiheit der Inhalte und daf\u00fcr, dass deren freie Nutzung durch den Nutzer keine Rechte Dritter verletzt. Die Nutzung dieser Seite und ihrer Inhalte erfolgt auf eigene Gefahr.<\/p>\n\n\n\n<p><strong><strong>5. ANWENDBARES RECHT UND ZUST\u00c4NDIGE GERICHTSBARKEIT<\/strong><\/strong><\/p>\n\n\n\n<p>Diese rechtlichen Hinweise sind in spanischer Sprache verfasst und unterliegen dem geltenden spanischen Recht, das in allen hier nicht geregelten Angelegenheiten hinsichtlich Auslegung, G\u00fcltigkeit und Durchf\u00fchrung Anwendung findet. META MOBILITY SL und der Nutzer unterwerfen sich, unter ausdr\u00fccklichem Verzicht auf jeden anderen Gerichtsstand, der Zust\u00e4ndigkeit der Gerichte am Wohnsitz des Nutzers f\u00fcr alle Streitigkeiten. Hat der Nutzer seinen Wohnsitz au\u00dferhalb Spaniens, unterwerfen sich META MOBILITY SL und der Nutzer, unter ausdr\u00fccklichem Verzicht auf jeden anderen Gerichtsstand, der Zust\u00e4ndigkeit der Gerichte in Madrid, Spanien.<\/p>","protected":false},"excerpt":{"rendered":"<p>By virtue of Law 15\/1999, of December 13, on the Protection of Personal Data, and the provisions of Law 34\/2002, of July 11, on Services of the Information Society and Electronic Commerce, We make you aware that the personal data that may be in this communication will be incorporated into a file under the responsibility [&hellip;]<\/p>\n","protected":false},"author":1,"featured_media":0,"parent":0,"menu_order":0,"comment_status":"closed","ping_status":"open","template":"","meta":{"footnotes":""},"class_list":["post-5026","page","type-page","status-publish","hentry"],"yoast_head":"<!-- This site is optimized with the Yoast SEO plugin v27.5 - https:\/\/yoast.com\/product\/yoast-seo-wordpress\/ -->\n<title>Aviso Legal | Vanvaz<\/title>\n<meta name=\"robots\" content=\"noindex, nofollow\" \/>\n<meta property=\"og:locale\" content=\"de_DE\" \/>\n<meta property=\"og:type\" content=\"article\" \/>\n<meta property=\"og:title\" content=\"Aviso Legal | Vanvaz\" \/>\n<meta property=\"og:description\" content=\"By virtue of Law 15\/1999, of December 13, on the Protection of Personal Data, and the provisions of Law 34\/2002, of July 11, on Services of the Information Society and Electronic Commerce, We make you aware that the personal data that may be in this communication will be incorporated into a file under the responsibility [&hellip;]\" \/>\n<meta property=\"og:url\" content=\"https:\/\/www.vanvaz.com\/de\/rechtshinweis\/\" \/>\n<meta property=\"og:site_name\" content=\"Vanvaz\" \/>\n<meta property=\"article:publisher\" content=\"https:\/\/www.facebook.com\/profile.php?id=100083054332955\" \/>\n<meta property=\"article:modified_time\" content=\"2025-08-06T10:42:48+00:00\" \/>\n<meta property=\"og:image\" content=\"https:\/\/www.vanvaz.com\/wp-content\/uploads\/2022\/02\/vanvaz-24.png\" \/>\n\t<meta property=\"og:image:width\" content=\"750\" \/>\n\t<meta property=\"og:image:height\" content=\"500\" \/>\n\t<meta property=\"og:image:type\" content=\"image\/png\" \/>\n<meta name=\"twitter:card\" content=\"summary_large_image\" \/>\n<meta name=\"twitter:label1\" content=\"Gesch\u00e4tzte Lesezeit\" \/>\n\t<meta name=\"twitter:data1\" content=\"7\u00a0Minuten\" \/>\n<script type=\"application\/ld+json\" class=\"yoast-schema-graph\">{\"@context\":\"https:\\\/\\\/schema.org\",\"@graph\":[{\"@type\":\"WebPage\",\"@id\":\"https:\\\/\\\/www.vanvaz.com\\\/aviso-legal\\\/\",\"url\":\"https:\\\/\\\/www.vanvaz.com\\\/aviso-legal\\\/\",\"name\":\"Aviso Legal | Vanvaz\",\"isPartOf\":{\"@id\":\"https:\\\/\\\/www.vanvaz.com\\\/#website\"},\"datePublished\":\"2022-04-12T10:40:45+00:00\",\"dateModified\":\"2025-08-06T10:42:48+00:00\",\"breadcrumb\":{\"@id\":\"https:\\\/\\\/www.vanvaz.com\\\/aviso-legal\\\/#breadcrumb\"},\"inLanguage\":\"de\",\"potentialAction\":[{\"@type\":\"ReadAction\",\"target\":[\"https:\\\/\\\/www.vanvaz.com\\\/aviso-legal\\\/\"]}]},{\"@type\":\"BreadcrumbList\",\"@id\":\"https:\\\/\\\/www.vanvaz.com\\\/aviso-legal\\\/#breadcrumb\",\"itemListElement\":[{\"@type\":\"ListItem\",\"position\":1,\"name\":\"Portada\",\"item\":\"https:\\\/\\\/www.vanvaz.com\\\/\"},{\"@type\":\"ListItem\",\"position\":2,\"name\":\"Aviso Legal\"}]},{\"@type\":\"WebSite\",\"@id\":\"https:\\\/\\\/www.vanvaz.com\\\/#website\",\"url\":\"https:\\\/\\\/www.vanvaz.com\\\/\",\"name\":\"Vanvaz\",\"description\":\"El hotel de las mil estrellas\",\"publisher\":{\"@id\":\"https:\\\/\\\/www.vanvaz.com\\\/#organization\"},\"potentialAction\":[{\"@type\":\"SearchAction\",\"target\":{\"@type\":\"EntryPoint\",\"urlTemplate\":\"https:\\\/\\\/www.vanvaz.com\\\/?s={search_term_string}\"},\"query-input\":{\"@type\":\"PropertyValueSpecification\",\"valueRequired\":true,\"valueName\":\"search_term_string\"}}],\"inLanguage\":\"de\"},{\"@type\":\"Organization\",\"@id\":\"https:\\\/\\\/www.vanvaz.com\\\/#organization\",\"name\":\"Vanvaz\",\"url\":\"https:\\\/\\\/www.vanvaz.com\\\/\",\"logo\":{\"@type\":\"ImageObject\",\"inLanguage\":\"de\",\"@id\":\"https:\\\/\\\/www.vanvaz.com\\\/#\\\/schema\\\/logo\\\/image\\\/\",\"url\":\"https:\\\/\\\/www.vanvaz.com\\\/wp-content\\\/uploads\\\/2022\\\/02\\\/vanvaz-28.png\",\"contentUrl\":\"https:\\\/\\\/www.vanvaz.com\\\/wp-content\\\/uploads\\\/2022\\\/02\\\/vanvaz-28.png\",\"width\":500,\"height\":500,\"caption\":\"Vanvaz\"},\"image\":{\"@id\":\"https:\\\/\\\/www.vanvaz.com\\\/#\\\/schema\\\/logo\\\/image\\\/\"},\"sameAs\":[\"https:\\\/\\\/www.facebook.com\\\/profile.php?id=100083054332955\",\"https:\\\/\\\/www.instagram.com\\\/vanvazcampers\\\/?hl=es\",\"https:\\\/\\\/www.youtube.com\\\/channel\\\/UCH2EHeYCFYfS68gZrH8J16g\\\/videos?view=0&sort=dd&shelf_id=0\"]}]}<\/script>\n<!-- \/ Yoast SEO plugin. -->","yoast_head_json":{"title":"Rechtliche Hinweise | Vanvaz","robots":{"index":"noindex","follow":"nofollow"},"og_locale":"de_DE","og_type":"article","og_title":"Aviso Legal | Vanvaz","og_description":"By virtue of Law 15\/1999, of December 13, on the Protection of Personal Data, and the provisions of Law 34\/2002, of July 11, on Services of the Information Society and Electronic Commerce, We make you aware that the personal data that may be in this communication will be incorporated into a file under the responsibility [&hellip;]","og_url":"https:\/\/www.vanvaz.com\/de\/rechtshinweis\/","og_site_name":"Vanvaz","article_publisher":"https:\/\/www.facebook.com\/profile.php?id=100083054332955","article_modified_time":"2025-08-06T10:42:48+00:00","og_image":[{"width":750,"height":500,"url":"https:\/\/www.vanvaz.com\/wp-content\/uploads\/2022\/02\/vanvaz-24.png","type":"image\/png"}],"twitter_card":"summary_large_image","twitter_misc":{"Gesch\u00e4tzte Lesezeit":"7\u00a0Minuten"},"schema":{"@context":"https:\/\/schema.org","@graph":[{"@type":"WebPage","@id":"https:\/\/www.vanvaz.com\/aviso-legal\/","url":"https:\/\/www.vanvaz.com\/aviso-legal\/","name":"Rechtliche Hinweise | Vanvaz","isPartOf":{"@id":"https:\/\/www.vanvaz.com\/#website"},"datePublished":"2022-04-12T10:40:45+00:00","dateModified":"2025-08-06T10:42:48+00:00","breadcrumb":{"@id":"https:\/\/www.vanvaz.com\/aviso-legal\/#breadcrumb"},"inLanguage":"de","potentialAction":[{"@type":"ReadAction","target":["https:\/\/www.vanvaz.com\/aviso-legal\/"]}]},{"@type":"BreadcrumbList","@id":"https:\/\/www.vanvaz.com\/aviso-legal\/#breadcrumb","itemListElement":[{"@type":"ListItem","position":1,"name":"Portada","item":"https:\/\/www.vanvaz.com\/"},{"@type":"ListItem","position":2,"name":"Aviso Legal"}]},{"@type":"WebSite","@id":"https:\/\/www.vanvaz.com\/#website","url":"https:\/\/www.vanvaz.com\/","name":"Vanvaz","description":"Das Hotel der tausend Sterne","publisher":{"@id":"https:\/\/www.vanvaz.com\/#organization"},"potentialAction":[{"@type":"SearchAction","target":{"@type":"EntryPoint","urlTemplate":"https:\/\/www.vanvaz.com\/?s={search_term_string}"},"query-input":{"@type":"PropertyValueSpecification","valueRequired":true,"valueName":"search_term_string"}}],"inLanguage":"de"},{"@type":"Organization","@id":"https:\/\/www.vanvaz.com\/#organization","name":"Vanvaz","url":"https:\/\/www.vanvaz.com\/","logo":{"@type":"ImageObject","inLanguage":"de","@id":"https:\/\/www.vanvaz.com\/#\/schema\/logo\/image\/","url":"https:\/\/www.vanvaz.com\/wp-content\/uploads\/2022\/02\/vanvaz-28.png","contentUrl":"https:\/\/www.vanvaz.com\/wp-content\/uploads\/2022\/02\/vanvaz-28.png","width":500,"height":500,"caption":"Vanvaz"},"image":{"@id":"https:\/\/www.vanvaz.com\/#\/schema\/logo\/image\/"},"sameAs":["https:\/\/www.facebook.com\/profile.php?id=100083054332955","https:\/\/www.instagram.com\/vanvazcampers\/?hl=es","https:\/\/www.youtube.com\/channel\/UCH2EHeYCFYfS68gZrH8J16g\/videos?view=0&sort=dd&shelf_id=0"]}]}},"_links":{"self":[{"href":"https:\/\/www.vanvaz.com\/de\/wp-json\/wp\/v2\/pages\/5026","targetHints":{"allow":["GET"]}}],"collection":[{"href":"https:\/\/www.vanvaz.com\/de\/wp-json\/wp\/v2\/pages"}],"about":[{"href":"https:\/\/www.vanvaz.com\/de\/wp-json\/wp\/v2\/types\/page"}],"author":[{"embeddable":true,"href":"https:\/\/www.vanvaz.com\/de\/wp-json\/wp\/v2\/users\/1"}],"replies":[{"embeddable":true,"href":"https:\/\/www.vanvaz.com\/de\/wp-json\/wp\/v2\/comments?post=5026"}],"version-history":[{"count":4,"href":"https:\/\/www.vanvaz.com\/de\/wp-json\/wp\/v2\/pages\/5026\/revisions"}],"predecessor-version":[{"id":6719,"href":"https:\/\/www.vanvaz.com\/de\/wp-json\/wp\/v2\/pages\/5026\/revisions\/6719"}],"wp:attachment":[{"href":"https:\/\/www.vanvaz.com\/de\/wp-json\/wp\/v2\/media?parent=5026"}],"curies":[{"name":"wp","href":"https:\/\/api.w.org\/{rel}","templated":true}]}}