{"id":7323,"date":"2024-01-29T11:25:10","date_gmt":"2024-01-29T11:25:10","guid":{"rendered":"https:\/\/www.vanvaz.com\/politica-privacidad-copy\/"},"modified":"2024-02-22T09:18:04","modified_gmt":"2024-02-22T09:18:04","slug":"fondos-next-generation","status":"publish","type":"page","link":"https:\/\/www.vanvaz.com\/en\/fondos-next-generation\/","title":{"rendered":"Next generation funds"},"content":{"rendered":"<p><strong>META MOBILITY SL<\/strong> has been awarded, on April 21, 2023, a grant of 3,242 euros for the financing of new territorial projects for rebalancing and equity in entrepreneurship and micro-enterprises, within the framework of the recovery, transformation and resilience plan, financed by the European Union \u2013 Next Generation EU. Grant announced through Resolution of November 14, 2022 (published in the BOC No. 231 of 11\/23\/2022).<\/p>\n\n\n\n<div style=\"height:52px\" aria-hidden=\"true\" class=\"wp-block-spacer\"><\/div>\n\n\n\n<figure class=\"wp-block-image size-large is-resized\"><img fetchpriority=\"high\" decoding=\"async\" src=\"https:\/\/www.vanvaz.com\/wp-content\/uploads\/2024\/01\/Cartel-META-MOBILITY-SL-1024x768.jpg\" alt=\"\" class=\"wp-image-7327\" width=\"1015\" height=\"762\" srcset=\"https:\/\/www.vanvaz.com\/wp-content\/uploads\/2024\/01\/Cartel-META-MOBILITY-SL-1024x768.jpg 1024w, https:\/\/www.vanvaz.com\/wp-content\/uploads\/2024\/01\/Cartel-META-MOBILITY-SL-300x225.jpg 300w, https:\/\/www.vanvaz.com\/wp-content\/uploads\/2024\/01\/Cartel-META-MOBILITY-SL-768x576.jpg 768w, https:\/\/www.vanvaz.com\/wp-content\/uploads\/2024\/01\/Cartel-META-MOBILITY-SL-600x450.jpg 600w\" sizes=\"(max-width: 1015px) 100vw, 1015px\" \/><\/figure>\n\n\n\n<div style=\"height:100px\" aria-hidden=\"true\" class=\"wp-block-spacer\"><\/div>\n\n\n\n<p><strong>META MOBILITY SL<\/strong> has been awarded, on September 21, 2023, a grant of 4,543 euros for the financing of new territorial projects for rebalancing and equity in entrepreneurship and micro-enterprises, within the framework of the recovery, transformation and resilience plan, financed by the European Union \u2013 Next Generation EU. Grant announced through Resolution of May 9, 2023 (published in the BOC No. 101 of 05\/25\/2023).<\/p>\n\n\n\n<div style=\"height:52px\" aria-hidden=\"true\" class=\"wp-block-spacer\"><\/div>\n\n\n\n<figure class=\"wp-block-image size-large\"><img decoding=\"async\" width=\"1024\" height=\"768\" src=\"https:\/\/www.vanvaz.com\/wp-content\/uploads\/2024\/02\/NextGeneration_2202-1024x768.png\" alt=\"\" class=\"wp-image-7345\" srcset=\"https:\/\/www.vanvaz.com\/wp-content\/uploads\/2024\/02\/NextGeneration_2202-1024x768.png 1024w, https:\/\/www.vanvaz.com\/wp-content\/uploads\/2024\/02\/NextGeneration_2202-300x225.png 300w, https:\/\/www.vanvaz.com\/wp-content\/uploads\/2024\/02\/NextGeneration_2202-768x576.png 768w, https:\/\/www.vanvaz.com\/wp-content\/uploads\/2024\/02\/NextGeneration_2202-1536x1152.png 1536w, https:\/\/www.vanvaz.com\/wp-content\/uploads\/2024\/02\/NextGeneration_2202-600x450.png 600w\" sizes=\"(max-width: 1024px) 100vw, 1024px\" \/><\/figure>\n\n\n\n<div style=\"height:100px\" aria-hidden=\"true\" class=\"wp-block-spacer\"><\/div>","protected":false},"excerpt":{"rendered":"<p>META MOBILITY SL ha resultado beneficiaria, con fecha 21 de abril de 2023, de una subvenci\u00f3n por importe de 3.242 euros destinada a la financiaci\u00f3n de nuevos proyectos territoriales para el reequilibrio y la equidad en emprendimiento y microempresas, en el marco del plan de recuperaci\u00f3n, transformaci\u00f3n y resiliencia, financiado por la Uni\u00f3n Europea \u2013 [&hellip;]<\/p>\n","protected":false},"author":1,"featured_media":0,"parent":0,"menu_order":0,"comment_status":"closed","ping_status":"closed","template":"","meta":{"footnotes":""},"class_list":["post-7323","page","type-page","status-publish","hentry"],"yoast_head":"<!-- This site is optimized with the Yoast SEO plugin v26.6 - https:\/\/yoast.com\/wordpress\/plugins\/seo\/ -->\n<title>Fondos next generation | Vanvaz<\/title>\n<meta name=\"robots\" content=\"index, follow, max-snippet:-1, max-image-preview:large, max-video-preview:-1\" \/>\n<link rel=\"canonical\" href=\"https:\/\/www.vanvaz.com\/en\/fondos-next-generation\/\" \/>\n<meta property=\"og:locale\" content=\"en_GB\" \/>\n<meta property=\"og:type\" content=\"article\" \/>\n<meta property=\"og:title\" content=\"Fondos next generation | Vanvaz\" \/>\n<meta property=\"og:description\" content=\"META MOBILITY SL ha resultado beneficiaria, con fecha 21 de abril de 2023, de una subvenci\u00f3n por importe de 3.242 euros destinada a la financiaci\u00f3n de nuevos proyectos territoriales para el reequilibrio y la equidad en emprendimiento y microempresas, en el marco del plan de recuperaci\u00f3n, transformaci\u00f3n y resiliencia, financiado por la Uni\u00f3n Europea \u2013 [&hellip;]\" \/>\n<meta property=\"og:url\" content=\"https:\/\/www.vanvaz.com\/en\/fondos-next-generation\/\" \/>\n<meta property=\"og:site_name\" content=\"Vanvaz\" \/>\n<meta property=\"article:publisher\" content=\"https:\/\/www.facebook.com\/profile.php?id=100083054332955\" \/>\n<meta property=\"article:modified_time\" content=\"2024-02-22T09:18:04+00:00\" \/>\n<meta property=\"og:image\" content=\"https:\/\/www.vanvaz.com\/wp-content\/uploads\/2024\/01\/Cartel-META-MOBILITY-SL-1024x768.jpg\" \/>\n<meta name=\"twitter:card\" content=\"summary_large_image\" \/>\n<meta name=\"twitter:label1\" content=\"Estimated reading time\" \/>\n\t<meta name=\"twitter:data1\" content=\"2 minutes\" \/>\n<script type=\"application\/ld+json\" class=\"yoast-schema-graph\">{\"@context\":\"https:\/\/schema.org\",\"@graph\":[{\"@type\":\"WebPage\",\"@id\":\"https:\/\/www.vanvaz.com\/fondos-next-generation\/\",\"url\":\"https:\/\/www.vanvaz.com\/fondos-next-generation\/\",\"name\":\"Fondos next generation | Vanvaz\",\"isPartOf\":{\"@id\":\"https:\/\/www.vanvaz.com\/#website\"},\"primaryImageOfPage\":{\"@id\":\"https:\/\/www.vanvaz.com\/fondos-next-generation\/#primaryimage\"},\"image\":{\"@id\":\"https:\/\/www.vanvaz.com\/fondos-next-generation\/#primaryimage\"},\"thumbnailUrl\":\"https:\/\/www.vanvaz.com\/wp-content\/uploads\/2024\/01\/Cartel-META-MOBILITY-SL-1024x768.jpg\",\"datePublished\":\"2024-01-29T11:25:10+00:00\",\"dateModified\":\"2024-02-22T09:18:04+00:00\",\"breadcrumb\":{\"@id\":\"https:\/\/www.vanvaz.com\/fondos-next-generation\/#breadcrumb\"},\"inLanguage\":\"en-GB\",\"potentialAction\":[{\"@type\":\"ReadAction\",\"target\":[\"https:\/\/www.vanvaz.com\/fondos-next-generation\/\"]}]},{\"@type\":\"ImageObject\",\"inLanguage\":\"en-GB\",\"@id\":\"https:\/\/www.vanvaz.com\/fondos-next-generation\/#primaryimage\",\"url\":\"https:\/\/www.vanvaz.com\/wp-content\/uploads\/2024\/01\/Cartel-META-MOBILITY-SL-1024x768.jpg\",\"contentUrl\":\"https:\/\/www.vanvaz.com\/wp-content\/uploads\/2024\/01\/Cartel-META-MOBILITY-SL-1024x768.jpg\"},{\"@type\":\"BreadcrumbList\",\"@id\":\"https:\/\/www.vanvaz.com\/fondos-next-generation\/#breadcrumb\",\"itemListElement\":[{\"@type\":\"ListItem\",\"position\":1,\"name\":\"Portada\",\"item\":\"https:\/\/www.vanvaz.com\/\"},{\"@type\":\"ListItem\",\"position\":2,\"name\":\"Fondos next generation\"}]},{\"@type\":\"WebSite\",\"@id\":\"https:\/\/www.vanvaz.com\/#website\",\"url\":\"https:\/\/www.vanvaz.com\/\",\"name\":\"Vanvaz\",\"description\":\"El hotel de las mil estrellas\",\"publisher\":{\"@id\":\"https:\/\/www.vanvaz.com\/#organization\"},\"potentialAction\":[{\"@type\":\"SearchAction\",\"target\":{\"@type\":\"EntryPoint\",\"urlTemplate\":\"https:\/\/www.vanvaz.com\/?s={search_term_string}\"},\"query-input\":{\"@type\":\"PropertyValueSpecification\",\"valueRequired\":true,\"valueName\":\"search_term_string\"}}],\"inLanguage\":\"en-GB\"},{\"@type\":\"Organization\",\"@id\":\"https:\/\/www.vanvaz.com\/#organization\",\"name\":\"Vanvaz\",\"url\":\"https:\/\/www.vanvaz.com\/\",\"logo\":{\"@type\":\"ImageObject\",\"inLanguage\":\"en-GB\",\"@id\":\"https:\/\/www.vanvaz.com\/#\/schema\/logo\/image\/\",\"url\":\"https:\/\/www.vanvaz.com\/wp-content\/uploads\/2022\/02\/vanvaz-28.png\",\"contentUrl\":\"https:\/\/www.vanvaz.com\/wp-content\/uploads\/2022\/02\/vanvaz-28.png\",\"width\":500,\"height\":500,\"caption\":\"Vanvaz\"},\"image\":{\"@id\":\"https:\/\/www.vanvaz.com\/#\/schema\/logo\/image\/\"},\"sameAs\":[\"https:\/\/www.facebook.com\/profile.php?id=100083054332955\",\"https:\/\/www.instagram.com\/vanvazcampers\/?hl=es\",\"https:\/\/www.youtube.com\/channel\/UCH2EHeYCFYfS68gZrH8J16g\/videos?view=0&sort=dd&shelf_id=0\"]}]}<\/script>\n<!-- \/ Yoast SEO plugin. -->","yoast_head_json":{"title":"Fondos next generation | Vanvaz","robots":{"index":"index","follow":"follow","max-snippet":"max-snippet:-1","max-image-preview":"max-image-preview:large","max-video-preview":"max-video-preview:-1"},"canonical":"https:\/\/www.vanvaz.com\/en\/fondos-next-generation\/","og_locale":"en_GB","og_type":"article","og_title":"Fondos next generation | Vanvaz","og_description":"META MOBILITY SL ha resultado beneficiaria, con fecha 21 de abril de 2023, de una subvenci\u00f3n por importe de 3.242 euros destinada a la financiaci\u00f3n de nuevos proyectos territoriales para el reequilibrio y la equidad en emprendimiento y microempresas, en el marco del plan de recuperaci\u00f3n, transformaci\u00f3n y resiliencia, financiado por la Uni\u00f3n Europea \u2013 [&hellip;]","og_url":"https:\/\/www.vanvaz.com\/en\/fondos-next-generation\/","og_site_name":"Vanvaz","article_publisher":"https:\/\/www.facebook.com\/profile.php?id=100083054332955","article_modified_time":"2024-02-22T09:18:04+00:00","og_image":[{"url":"https:\/\/www.vanvaz.com\/wp-content\/uploads\/2024\/01\/Cartel-META-MOBILITY-SL-1024x768.jpg","type":"","width":"","height":""}],"twitter_card":"summary_large_image","twitter_misc":{"Estimated reading time":"2 minutes"},"schema":{"@context":"https:\/\/schema.org","@graph":[{"@type":"WebPage","@id":"https:\/\/www.vanvaz.com\/fondos-next-generation\/","url":"https:\/\/www.vanvaz.com\/fondos-next-generation\/","name":"Fondos next generation | Vanvaz","isPartOf":{"@id":"https:\/\/www.vanvaz.com\/#website"},"primaryImageOfPage":{"@id":"https:\/\/www.vanvaz.com\/fondos-next-generation\/#primaryimage"},"image":{"@id":"https:\/\/www.vanvaz.com\/fondos-next-generation\/#primaryimage"},"thumbnailUrl":"https:\/\/www.vanvaz.com\/wp-content\/uploads\/2024\/01\/Cartel-META-MOBILITY-SL-1024x768.jpg","datePublished":"2024-01-29T11:25:10+00:00","dateModified":"2024-02-22T09:18:04+00:00","breadcrumb":{"@id":"https:\/\/www.vanvaz.com\/fondos-next-generation\/#breadcrumb"},"inLanguage":"en-GB","potentialAction":[{"@type":"ReadAction","target":["https:\/\/www.vanvaz.com\/fondos-next-generation\/"]}]},{"@type":"ImageObject","inLanguage":"en-GB","@id":"https:\/\/www.vanvaz.com\/fondos-next-generation\/#primaryimage","url":"https:\/\/www.vanvaz.com\/wp-content\/uploads\/2024\/01\/Cartel-META-MOBILITY-SL-1024x768.jpg","contentUrl":"https:\/\/www.vanvaz.com\/wp-content\/uploads\/2024\/01\/Cartel-META-MOBILITY-SL-1024x768.jpg"},{"@type":"BreadcrumbList","@id":"https:\/\/www.vanvaz.com\/fondos-next-generation\/#breadcrumb","itemListElement":[{"@type":"ListItem","position":1,"name":"Portada","item":"https:\/\/www.vanvaz.com\/"},{"@type":"ListItem","position":2,"name":"Fondos next generation"}]},{"@type":"WebSite","@id":"https:\/\/www.vanvaz.com\/#website","url":"https:\/\/www.vanvaz.com\/","name":"Vanvaz","description":"El hotel de las mil estrellas","publisher":{"@id":"https:\/\/www.vanvaz.com\/#organization"},"potentialAction":[{"@type":"SearchAction","target":{"@type":"EntryPoint","urlTemplate":"https:\/\/www.vanvaz.com\/?s={search_term_string}"},"query-input":{"@type":"PropertyValueSpecification","valueRequired":true,"valueName":"search_term_string"}}],"inLanguage":"en-GB"},{"@type":"Organization","@id":"https:\/\/www.vanvaz.com\/#organization","name":"Vanvaz","url":"https:\/\/www.vanvaz.com\/","logo":{"@type":"ImageObject","inLanguage":"en-GB","@id":"https:\/\/www.vanvaz.com\/#\/schema\/logo\/image\/","url":"https:\/\/www.vanvaz.com\/wp-content\/uploads\/2022\/02\/vanvaz-28.png","contentUrl":"https:\/\/www.vanvaz.com\/wp-content\/uploads\/2022\/02\/vanvaz-28.png","width":500,"height":500,"caption":"Vanvaz"},"image":{"@id":"https:\/\/www.vanvaz.com\/#\/schema\/logo\/image\/"},"sameAs":["https:\/\/www.facebook.com\/profile.php?id=100083054332955","https:\/\/www.instagram.com\/vanvazcampers\/?hl=es","https:\/\/www.youtube.com\/channel\/UCH2EHeYCFYfS68gZrH8J16g\/videos?view=0&sort=dd&shelf_id=0"]}]}},"_links":{"self":[{"href":"https:\/\/www.vanvaz.com\/en\/wp-json\/wp\/v2\/pages\/7323","targetHints":{"allow":["GET"]}}],"collection":[{"href":"https:\/\/www.vanvaz.com\/en\/wp-json\/wp\/v2\/pages"}],"about":[{"href":"https:\/\/www.vanvaz.com\/en\/wp-json\/wp\/v2\/types\/page"}],"author":[{"embeddable":true,"href":"https:\/\/www.vanvaz.com\/en\/wp-json\/wp\/v2\/users\/1"}],"replies":[{"embeddable":true,"href":"https:\/\/www.vanvaz.com\/en\/wp-json\/wp\/v2\/comments?post=7323"}],"version-history":[{"count":6,"href":"https:\/\/www.vanvaz.com\/en\/wp-json\/wp\/v2\/pages\/7323\/revisions"}],"predecessor-version":[{"id":7349,"href":"https:\/\/www.vanvaz.com\/en\/wp-json\/wp\/v2\/pages\/7323\/revisions\/7349"}],"wp:attachment":[{"href":"https:\/\/www.vanvaz.com\/en\/wp-json\/wp\/v2\/media?parent=7323"}],"curies":[{"name":"wp","href":"https:\/\/api.w.org\/{rel}","templated":true}]}}