{"id":5026,"date":"2022-04-12T10:40:45","date_gmt":"2022-04-12T10:40:45","guid":{"rendered":"https:\/\/www.vanvaz.com\/politica-privacidad-copy\/"},"modified":"2025-08-06T10:42:48","modified_gmt":"2025-08-06T10:42:48","slug":"avviso-legale","status":"publish","type":"page","link":"https:\/\/www.vanvaz.com\/it\/aviso-legal\/","title":{"rendered":"Avviso legale"},"content":{"rendered":"<ol class=\"wp-block-list\">\n<li><strong><strong>IDENTIFICAZIONE DEL RESPONSABILE DEL SITO WEB.<\/strong><\/strong><\/li>\n<\/ol>\n\n\n\n<p>Ai sensi della Legge 15\/1999, del 13 dicembre, sulla protezione dei dati personali, e delle disposizioni della Legge 34\/2002, dell&#039;11 luglio, sui servizi della societ\u00e0 dell&#039;informazione e del commercio elettronico, La informiamo che i dati personali eventualmente contenuti in questa comunicazione saranno inseriti in un archivio sotto la responsabilit\u00e0 di META MOBILITY SL con sede legale in calle Puipana, 9, 1\u00baB, 35640, Las Palmas. Lo scopo di questo sito web \u00e8 quello di offrire esperienze esclusive in vendita.<\/p>\n\n\n\n<p>Potete contattarci anche inviandoci un&#039;e-mail all&#039;indirizzo hola@vanvaz.com.<\/p>\n\n\n\n<ol class=\"wp-block-list\">\n<li><strong>OGGETTO<\/strong><\/li>\n<\/ol>\n\n\n\n<p>La presente NOTA LEGALE disciplina i diritti e gli obblighi di META MOBILITY SL e degli utenti in relazione all&#039;accesso, alla navigazione e all&#039;utilizzo del presente sito web, fermo restando che META MOBILITY SL si riserva il diritto di modificarne il contenuto senza preavviso, facendo fede la versione pubblicata al momento della navigazione.<\/p>\n\n\n\n<p>Navigando, visualizzando e utilizzando questo sito web, l&#039;utente acquisisce la qualit\u00e0 di utente e, pertanto, accetta espressamente tutte le clausole indicate nella presente Nota Legale, nonch\u00e9 tutte le avvertenze o clausole specifiche previste nelle diverse sezioni relative alla stipula di contratti, all&#039;utilizzo di servizi, prodotti, registrazioni o sezioni della Pagina.<\/p>\n\n\n\n<p>Pertanto, se non accetti le clausole stabilite nella presente Nota Legale, devi astenerti dall&#039;accedere e\/o utilizzare i servizi e\/o i contenuti messi a tua disposizione sulla Pagina, procedendo ad abbandonarla.<\/p>\n\n\n\n<p><strong>META MOBILITY SL si riserva il diritto di interrompere, sospendere o cessare, in qualsiasi momento e senza preavviso, l&#039;accesso ai contenuti della pagina, senza che l&#039;Utente abbia diritto ad alcun risarcimento.<\/strong><\/p>\n\n\n\n<ol class=\"wp-block-list\">\n<li><strong><strong>ACCESSO AL SITO WEB<\/strong><\/strong><\/li>\n<\/ol>\n\n\n\n<p>In qualit\u00e0 di utente del nostro sito web, accetti di non utilizzare la Pagina per svolgere attivit\u00e0 contrarie alla legge, alla morale, all&#039;ordine pubblico e, in generale, di farne un uso conforme alle condizioni stabilite nella presente Nota Legale. Allo stesso modo, ti impegni a non effettuare acquisti falsi o fraudolenti.<\/p>\n\n\n\n<p><strong>META MOBILITY SL agisce esclusivamente in qualit\u00e0 di responsabile della Pagina in quanto fornitore di prodotti in vendita, non essendo responsabile dell&#039;uso che gli utenti potrebbero farne, in contrasto con le presenti condizioni; la veridicit\u00e0 e la legalit\u00e0 delle informazioni contenute nella Pagina sono di esclusiva responsabilit\u00e0 dell&#039;utente.<\/strong><\/p>\n\n\n\n<p><strong>META MOBILITY SL pu\u00f2 interrompere il servizio della Pagina che viene utilizzata dall&#039;utente e risolvere immediatamente il rapporto con l&#039;utente se rileva un utilizzo della Pagina o di uno qualsiasi dei servizi offerti in essa che pu\u00f2 ritenere diverso da quanto espresso nella presente Nota Legale<\/strong><\/p>\n\n\n\n<p>In nessun caso META MOBILITY SL sar\u00e0 responsabile della veridicit\u00e0 dei dati forniti dagli utenti; ciascuno di essi sar\u00e0 l&#039;unico responsabile dell&#039;adeguatezza, dell&#039;esattezza, dell&#039;aggiornamento e della precisione delle informazioni fornite a META MOBILITY SL, nonch\u00e9 delle eventuali conseguenze derivanti dalla mancanza di qualit\u00e0 e veridicit\u00e0 dei dati stessi.<\/p>\n\n\n\n<p><strong><strong>PROPRIET\u00c0 INTELLETTUALE E INDUSTRIALE<\/strong><\/strong><\/p>\n\n\n\n<p>1. Tutti i contenuti del Sito Web (inclusi, a titolo esemplificativo, database, immagini, fotografie, brevetti, modelli di utilit\u00e0 e industriali, disegni, grafica, file di testo, audio, video e software) sono di propriet\u00e0 di META MOBILITY SL e sono protetti dalle normative spagnole e internazionali in materia di propriet\u00e0 intellettuale e industriale. La compilazione (intesa come compilazione, progettazione, disposizione e assemblaggio) di tutti i contenuti del Sito Web \u00e8 di propriet\u00e0 esclusiva di META MOBILITY SL ed \u00e8 protetta dalle normative applicabili in materia di propriet\u00e0 industriale e intellettuale.<\/p>\n\n\n\n<p>2.- Tutto il software utilizzato per l&#039;utilizzo e lo sviluppo del Sito Web \u00e8 di propriet\u00e0 di META MOBILITY SL o dei suoi fornitori di software ed \u00e8 protetto dalle leggi sulla propriet\u00e0 industriale e intellettuale.<\/p>\n\n\n\n<p>3. I marchi, le etichette, i segni distintivi o i loghi che compaiono sul Sito Web sono di propriet\u00e0 di META MOBILITY SL e sono regolarmente registrati o in fase di registrazione. I nomi di altri prodotti, servizi e aziende che compaiono in questo documento o sul Sito Web possono essere marchi commerciali o altri segni distintivi registrati dei rispettivi e legittimi proprietari.<\/p>\n\n\n\n<p>4. Tutti i testi, i disegni grafici, i video o i contenuti multimediali sono di propriet\u00e0 di META MOBILITY SL o dei suoi fornitori di contenuti e non possono essere modificati, copiati, alterati, riprodotti, adattati o tradotti dall&#039;utente o da terzi senza l&#039;espressa autorizzazione dei proprietari di tali contenuti.<\/p>\n\n\n\n<p>5.- Qualsiasi utilizzo dei contenuti del Sito Web effettuato senza l&#039;autorizzazione di , inclusi lo sfruttamento, la riproduzione, la diffusione, la trasformazione, la distribuzione, la trasmissione con qualsiasi mezzo, la successiva pubblicazione, l&#039;esposizione, la comunicazione al pubblico o la loro totale o parziale, che, se si verificano, costituiranno violazione dei diritti di propriet\u00e0 intellettuale di META MOBILITY SL, sanzionati dalla legislazione vigente.<\/p>\n\n\n\n<p>6. I disegni, i loghi, i testi e\/o la grafica esterni al fornitore e che possono apparire sul sito web appartengono ai rispettivi proprietari, i quali sono gli unici responsabili di qualsiasi eventuale controversia che possa sorgere al riguardo. In ogni caso, il fornitore ha ottenuto da loro l&#039;espressa e preventiva autorizzazione.<\/p>\n\n\n\n<p>7- Il fornitore riconosce a favore dei rispettivi titolari i diritti di propriet\u00e0 industriale e intellettuale, e la loro mera menzione o apparizione sul sito web non implica l&#039;esistenza di diritti o alcuna responsabilit\u00e0 da parte del fornitore sugli stessi, n\u00e9 implica approvazione, sponsorizzazione o raccomandazione da parte vostra.<\/p>\n\n\n\n<p>3.&nbsp;<strong>LINK<\/strong><\/p>\n\n\n\n<p>Come precedentemente indicato, la nostra pagina, oltre ai link ai prodotti, pu\u00f2 includere link a siti di terzi. Ribadiamo che le pagine appartenenti a tali terzi non sono state esaminate n\u00e9 sono soggette a controlli da parte di META MOBILITY SL, pertanto META MOBILITY SL non pu\u00f2 essere ritenuta responsabile per i contenuti di questi siti web, n\u00e9 per le misure adottate in relazione alla vostra privacy o al trattamento dei vostri dati personali o di altri aspetti che potrebbero sorgere.<\/p>\n\n\n\n<p><strong>META MOBILITY SL raccomanda di leggere attentamente le condizioni d&#039;uso, l&#039;informativa sulla privacy, le note legali e\/o simili di questi siti.<\/strong><\/p>\n\n\n\n<p>Se siete interessati ad attivare un link a una qualsiasi delle pagine gestite da META MOBILITY SL, dovete informarla, ottenendo il consenso esplicito alla creazione del link. META MOBILITY SL si riserva il diritto di opporsi all&#039;attivazione di link al proprio sito web.<\/p>\n\n\n\n<p><strong><strong>4. LIMITAZIONE DI RESPONSABILIT\u00c0<\/strong><\/strong><\/p>\n\n\n\n<p>META MOBILITY SL non fornisce in alcun modo consulenza o pareri sulle valutazioni degli utenti riguardo ai prodotti in vendita su questa pagina, n\u00e9 raccomanda o garantisce l&#039;affidabilit\u00e0, l&#039;utilit\u00e0 o la veridicit\u00e0 di tutte le informazioni e i contenuti ivi pubblicati, n\u00e9 \u00e8 responsabile dell&#039;utilit\u00e0 che tali informazioni possono generare per l&#039;utente, poich\u00e9 la funzione di META MOBILITY SL \u00e8 limitata alla creazione di contenuti informativi messi a disposizione degli utenti per creare canali di informazione, opinione e collaborazione.<\/p>\n\n\n\n<p><strong><strong>Indipendentemente da ci\u00f2, META MOBILITY SL non sar\u00e0 direttamente o indirettamente responsabile per:<\/strong><\/strong><\/p>\n\n\n\n<ol class=\"wp-block-list\">\n<li>La qualit\u00e0 del servizio, la velocit\u00e0 di accesso, il corretto funzionamento o la disponibilit\u00e0 o la continuit\u00e0 di funzionamento della Pagina.<\/li>\n\n\n\n<li>I danni che potrebbero essere causati all&#039;apparecchiatura dell&#039;utente dall&#039;utilizzo della Pagina.<\/li>\n\n\n\n<li>I casi in cui una terza parte, eludendo le misure di sicurezza stabilite, accede ai messaggi o li utilizza per inviare virus informatici.<\/li>\n\n\n\n<li>Vizi e difetti di ogni genere relativi ai contenuti trasmessi, diffusi, memorizzati o resi disponibili.<\/li>\n<\/ol>\n\n\n\n<ol class=\"wp-block-list\">\n<li>La legalit\u00e0, l&#039;affidabilit\u00e0 e l&#039;utilit\u00e0 dei contenuti che gli utenti trasmettono utilizzando il sito o i servizi ivi offerti, cos\u00ec come la loro veridicit\u00e0 o accuratezza. META MOBILITY SL non controlla l&#039;uso che gli utenti fanno del sito, n\u00e9 garantisce che lo facciano in conformit\u00e0 con le disposizioni del presente Avviso legale.<\/li>\n<\/ol>\n\n\n\n<p><strong><strong>A titolo esemplificativo e non esaustivo, l&#039;utente sar\u00e0 responsabile di:<\/strong><\/strong><\/p>\n\n\n\n<p>Del contenuto introdotto dallo stesso, in particolare dei dati e delle informazioni inseriti e inviati a META MOBILITY SL tramite la Pagina o sulla Pagina.<\/p>\n\n\n\n<p>Dall&#039;esecuzione di qualsiasi tipo di azione sulle pagine di terzi o su questa.<\/p>\n\n\n\n<p>La mancata osservanza da parte dell&#039;utente di uno qualsiasi degli obblighi sopra indicati pu\u00f2 comportare l&#039;adozione da parte di META MOBILITY SL delle misure opportune, tutelate dalla legge e nell&#039;esercizio dei propri diritti e obblighi, che possono includere la cancellazione o il blocco dell&#039;account dell&#039;utente inadempiente, senza possibilit\u00e0 di risarcimento per i danni causati.<\/p>\n\n\n\n<p>META MOBILITY SL non garantisce che i contenuti siano accurati o privi di errori o che il loro libero utilizzo da parte dell&#039;utente non violi i diritti di terzi. L&#039;uso corretto o scorretto di questa pagina e dei suoi contenuti<\/p>\n\n\n\n<p><strong><strong>5. LEGISLAZIONE APPLICABILE E GIURISDIZIONE COMPETENTE<\/strong><\/strong><\/p>\n\n\n\n<p>La presente Nota Legale \u00e8 redatta in spagnolo ed \u00e8 soggetta alla legislazione spagnola vigente, che sar\u00e0 applicabile per le questioni non previste nel presente documento in termini di interpretazione, validit\u00e0 ed esecuzione. META MOBILITY SL e l&#039;Utente, rinunciando espressamente a qualsiasi altra giurisdizione, si sottopongono alla competenza esclusiva dei tribunali del domicilio dell&#039;Utente per qualsiasi controversia che dovesse insorgere. Nel caso in cui l&#039;Utente sia domiciliato al di fuori della Spagna, META MOBILITY SL e l&#039;Utente si sottopongono, rinunciando espressamente a qualsiasi altra giurisdizione, alla competenza esclusiva dei tribunali di Madrid, Spagna.<\/p>","protected":false},"excerpt":{"rendered":"<p>By virtue of Law 15\/1999, of December 13, on the Protection of Personal Data, and the provisions of Law 34\/2002, of July 11, on Services of the Information Society and Electronic Commerce, We make you aware that the personal data that may be in this communication will be incorporated into a file under the responsibility [&hellip;]<\/p>\n","protected":false},"author":1,"featured_media":0,"parent":0,"menu_order":0,"comment_status":"closed","ping_status":"open","template":"","meta":{"footnotes":""},"class_list":["post-5026","page","type-page","status-publish","hentry"],"yoast_head":"<!-- This site is optimized with the Yoast SEO plugin v27.5 - https:\/\/yoast.com\/product\/yoast-seo-wordpress\/ -->\n<title>Aviso Legal | Vanvaz<\/title>\n<meta name=\"robots\" content=\"noindex, nofollow\" \/>\n<meta property=\"og:locale\" content=\"it_IT\" \/>\n<meta property=\"og:type\" content=\"article\" \/>\n<meta property=\"og:title\" content=\"Aviso Legal | Vanvaz\" \/>\n<meta property=\"og:description\" content=\"By virtue of Law 15\/1999, of December 13, on the Protection of Personal Data, and the provisions of Law 34\/2002, of July 11, on Services of the Information Society and Electronic Commerce, We make you aware that the personal data that may be in this communication will be incorporated into a file under the responsibility [&hellip;]\" \/>\n<meta property=\"og:url\" content=\"https:\/\/www.vanvaz.com\/it\/avviso-legale\/\" \/>\n<meta property=\"og:site_name\" content=\"Vanvaz\" \/>\n<meta property=\"article:publisher\" content=\"https:\/\/www.facebook.com\/profile.php?id=100083054332955\" \/>\n<meta property=\"article:modified_time\" content=\"2025-08-06T10:42:48+00:00\" \/>\n<meta property=\"og:image\" content=\"https:\/\/www.vanvaz.com\/wp-content\/uploads\/2022\/02\/vanvaz-24.png\" \/>\n\t<meta property=\"og:image:width\" content=\"750\" \/>\n\t<meta property=\"og:image:height\" content=\"500\" \/>\n\t<meta property=\"og:image:type\" content=\"image\/png\" \/>\n<meta name=\"twitter:card\" content=\"summary_large_image\" \/>\n<meta name=\"twitter:label1\" content=\"Tempo di lettura stimato\" \/>\n\t<meta name=\"twitter:data1\" content=\"7 minuti\" \/>\n<script type=\"application\/ld+json\" class=\"yoast-schema-graph\">{\"@context\":\"https:\\\/\\\/schema.org\",\"@graph\":[{\"@type\":\"WebPage\",\"@id\":\"https:\\\/\\\/www.vanvaz.com\\\/aviso-legal\\\/\",\"url\":\"https:\\\/\\\/www.vanvaz.com\\\/aviso-legal\\\/\",\"name\":\"Aviso Legal | Vanvaz\",\"isPartOf\":{\"@id\":\"https:\\\/\\\/www.vanvaz.com\\\/#website\"},\"datePublished\":\"2022-04-12T10:40:45+00:00\",\"dateModified\":\"2025-08-06T10:42:48+00:00\",\"breadcrumb\":{\"@id\":\"https:\\\/\\\/www.vanvaz.com\\\/aviso-legal\\\/#breadcrumb\"},\"inLanguage\":\"it-IT\",\"potentialAction\":[{\"@type\":\"ReadAction\",\"target\":[\"https:\\\/\\\/www.vanvaz.com\\\/aviso-legal\\\/\"]}]},{\"@type\":\"BreadcrumbList\",\"@id\":\"https:\\\/\\\/www.vanvaz.com\\\/aviso-legal\\\/#breadcrumb\",\"itemListElement\":[{\"@type\":\"ListItem\",\"position\":1,\"name\":\"Portada\",\"item\":\"https:\\\/\\\/www.vanvaz.com\\\/\"},{\"@type\":\"ListItem\",\"position\":2,\"name\":\"Aviso Legal\"}]},{\"@type\":\"WebSite\",\"@id\":\"https:\\\/\\\/www.vanvaz.com\\\/#website\",\"url\":\"https:\\\/\\\/www.vanvaz.com\\\/\",\"name\":\"Vanvaz\",\"description\":\"El hotel de las mil estrellas\",\"publisher\":{\"@id\":\"https:\\\/\\\/www.vanvaz.com\\\/#organization\"},\"potentialAction\":[{\"@type\":\"SearchAction\",\"target\":{\"@type\":\"EntryPoint\",\"urlTemplate\":\"https:\\\/\\\/www.vanvaz.com\\\/?s={search_term_string}\"},\"query-input\":{\"@type\":\"PropertyValueSpecification\",\"valueRequired\":true,\"valueName\":\"search_term_string\"}}],\"inLanguage\":\"it-IT\"},{\"@type\":\"Organization\",\"@id\":\"https:\\\/\\\/www.vanvaz.com\\\/#organization\",\"name\":\"Vanvaz\",\"url\":\"https:\\\/\\\/www.vanvaz.com\\\/\",\"logo\":{\"@type\":\"ImageObject\",\"inLanguage\":\"it-IT\",\"@id\":\"https:\\\/\\\/www.vanvaz.com\\\/#\\\/schema\\\/logo\\\/image\\\/\",\"url\":\"https:\\\/\\\/www.vanvaz.com\\\/wp-content\\\/uploads\\\/2022\\\/02\\\/vanvaz-28.png\",\"contentUrl\":\"https:\\\/\\\/www.vanvaz.com\\\/wp-content\\\/uploads\\\/2022\\\/02\\\/vanvaz-28.png\",\"width\":500,\"height\":500,\"caption\":\"Vanvaz\"},\"image\":{\"@id\":\"https:\\\/\\\/www.vanvaz.com\\\/#\\\/schema\\\/logo\\\/image\\\/\"},\"sameAs\":[\"https:\\\/\\\/www.facebook.com\\\/profile.php?id=100083054332955\",\"https:\\\/\\\/www.instagram.com\\\/vanvazcampers\\\/?hl=es\",\"https:\\\/\\\/www.youtube.com\\\/channel\\\/UCH2EHeYCFYfS68gZrH8J16g\\\/videos?view=0&sort=dd&shelf_id=0\"]}]}<\/script>\n<!-- \/ Yoast SEO plugin. -->","yoast_head_json":{"title":"Note legali | Vanvaz","robots":{"index":"noindex","follow":"nofollow"},"og_locale":"it_IT","og_type":"article","og_title":"Aviso Legal | Vanvaz","og_description":"By virtue of Law 15\/1999, of December 13, on the Protection of Personal Data, and the provisions of Law 34\/2002, of July 11, on Services of the Information Society and Electronic Commerce, We make you aware that the personal data that may be in this communication will be incorporated into a file under the responsibility [&hellip;]","og_url":"https:\/\/www.vanvaz.com\/it\/avviso-legale\/","og_site_name":"Vanvaz","article_publisher":"https:\/\/www.facebook.com\/profile.php?id=100083054332955","article_modified_time":"2025-08-06T10:42:48+00:00","og_image":[{"width":750,"height":500,"url":"https:\/\/www.vanvaz.com\/wp-content\/uploads\/2022\/02\/vanvaz-24.png","type":"image\/png"}],"twitter_card":"summary_large_image","twitter_misc":{"Tempo di lettura stimato":"7 minuti"},"schema":{"@context":"https:\/\/schema.org","@graph":[{"@type":"WebPage","@id":"https:\/\/www.vanvaz.com\/aviso-legal\/","url":"https:\/\/www.vanvaz.com\/aviso-legal\/","name":"Note legali | Vanvaz","isPartOf":{"@id":"https:\/\/www.vanvaz.com\/#website"},"datePublished":"2022-04-12T10:40:45+00:00","dateModified":"2025-08-06T10:42:48+00:00","breadcrumb":{"@id":"https:\/\/www.vanvaz.com\/aviso-legal\/#breadcrumb"},"inLanguage":"it-IT","potentialAction":[{"@type":"ReadAction","target":["https:\/\/www.vanvaz.com\/aviso-legal\/"]}]},{"@type":"BreadcrumbList","@id":"https:\/\/www.vanvaz.com\/aviso-legal\/#breadcrumb","itemListElement":[{"@type":"ListItem","position":1,"name":"Portada","item":"https:\/\/www.vanvaz.com\/"},{"@type":"ListItem","position":2,"name":"Aviso Legal"}]},{"@type":"WebSite","@id":"https:\/\/www.vanvaz.com\/#website","url":"https:\/\/www.vanvaz.com\/","name":"Vanvaz","description":"L&#039;hotel dalle mille stelle","publisher":{"@id":"https:\/\/www.vanvaz.com\/#organization"},"potentialAction":[{"@type":"SearchAction","target":{"@type":"EntryPoint","urlTemplate":"https:\/\/www.vanvaz.com\/?s={search_term_string}"},"query-input":{"@type":"PropertyValueSpecification","valueRequired":true,"valueName":"search_term_string"}}],"inLanguage":"it-IT"},{"@type":"Organization","@id":"https:\/\/www.vanvaz.com\/#organization","name":"Vanvaz","url":"https:\/\/www.vanvaz.com\/","logo":{"@type":"ImageObject","inLanguage":"it-IT","@id":"https:\/\/www.vanvaz.com\/#\/schema\/logo\/image\/","url":"https:\/\/www.vanvaz.com\/wp-content\/uploads\/2022\/02\/vanvaz-28.png","contentUrl":"https:\/\/www.vanvaz.com\/wp-content\/uploads\/2022\/02\/vanvaz-28.png","width":500,"height":500,"caption":"Vanvaz"},"image":{"@id":"https:\/\/www.vanvaz.com\/#\/schema\/logo\/image\/"},"sameAs":["https:\/\/www.facebook.com\/profile.php?id=100083054332955","https:\/\/www.instagram.com\/vanvazcampers\/?hl=es","https:\/\/www.youtube.com\/channel\/UCH2EHeYCFYfS68gZrH8J16g\/videos?view=0&sort=dd&shelf_id=0"]}]}},"_links":{"self":[{"href":"https:\/\/www.vanvaz.com\/it\/wp-json\/wp\/v2\/pages\/5026","targetHints":{"allow":["GET"]}}],"collection":[{"href":"https:\/\/www.vanvaz.com\/it\/wp-json\/wp\/v2\/pages"}],"about":[{"href":"https:\/\/www.vanvaz.com\/it\/wp-json\/wp\/v2\/types\/page"}],"author":[{"embeddable":true,"href":"https:\/\/www.vanvaz.com\/it\/wp-json\/wp\/v2\/users\/1"}],"replies":[{"embeddable":true,"href":"https:\/\/www.vanvaz.com\/it\/wp-json\/wp\/v2\/comments?post=5026"}],"version-history":[{"count":4,"href":"https:\/\/www.vanvaz.com\/it\/wp-json\/wp\/v2\/pages\/5026\/revisions"}],"predecessor-version":[{"id":6719,"href":"https:\/\/www.vanvaz.com\/it\/wp-json\/wp\/v2\/pages\/5026\/revisions\/6719"}],"wp:attachment":[{"href":"https:\/\/www.vanvaz.com\/it\/wp-json\/wp\/v2\/media?parent=5026"}],"curies":[{"name":"wp","href":"https:\/\/api.w.org\/{rel}","templated":true}]}}